{"id":8,"date":"2021-12-01T07:47:21","date_gmt":"2021-12-01T07:47:21","guid":{"rendered":"https:\/\/vigorous-taussig.82-220-38-86.plesk.page\/?page_id=8"},"modified":"2021-12-07T09:17:24","modified_gmt":"2021-12-07T09:17:24","slug":"referenzen","status":"publish","type":"page","link":"https:\/\/vigorous-taussig.82-220-38-86.plesk.page\/?page_id=8","title":{"rendered":"Referenzen"},"content":{"rendered":"\n<div class=\"wp-block-cover alignfull\" style=\"min-height:500px\"><img loading=\"lazy\" width=\"1900\" height=\"1123\" class=\"wp-block-cover__image-background wp-image-97\" alt=\"\" src=\"https:\/\/vigorous-taussig.82-220-38-86.plesk.page\/wp-content\/uploads\/2021\/12\/AdobeStock_327262474.jpeg\" style=\"object-position:38% 78%\" data-object-fit=\"cover\" data-object-position=\"38% 78%\" srcset=\"https:\/\/vigorous-taussig.82-220-38-86.plesk.page\/wp-content\/uploads\/2021\/12\/AdobeStock_327262474.jpeg 1900w, https:\/\/vigorous-taussig.82-220-38-86.plesk.page\/wp-content\/uploads\/2021\/12\/AdobeStock_327262474-300x177.jpeg 300w, https:\/\/vigorous-taussig.82-220-38-86.plesk.page\/wp-content\/uploads\/2021\/12\/AdobeStock_327262474-1024x605.jpeg 1024w, https:\/\/vigorous-taussig.82-220-38-86.plesk.page\/wp-content\/uploads\/2021\/12\/AdobeStock_327262474-768x454.jpeg 768w, https:\/\/vigorous-taussig.82-220-38-86.plesk.page\/wp-content\/uploads\/2021\/12\/AdobeStock_327262474-1536x908.jpeg 1536w\" sizes=\"(max-width: 1900px) 100vw, 1900px\" \/><div class=\"wp-block-cover__inner-container\">\n<p class=\"has-text-align-center has-large-font-size\"><\/p>\n<\/div><\/div>\n\n\n\n<div style=\"height:100px\" aria-hidden=\"true\" class=\"wp-block-spacer\"><\/div>\n\n\n<div class=\"wp-block-coblocks-posts is-style-horizontal\"><div class=\"wp-block-coblocks-posts__inner has-columns has-1-columns has-responsive-columns has-large-image has-circle-image\" style=\"--coblocks-custom-gutter:em\"><div class=\"wp-block-coblocks-posts__item\"><div class=\"wp-block-coblocks-posts__image\"><a href=\"https:\/\/vigorous-taussig.82-220-38-86.plesk.page\/?p=127\" class=\"bg-cover bg-center-center\" style=\"background-image:url(https:\/\/vigorous-taussig.82-220-38-86.plesk.page\/wp-content\/uploads\/2021\/12\/DKZ2.jpg)\"><\/a><\/div><div class=\"wp-block-coblocks-posts__content\"><a href=\"https:\/\/vigorous-taussig.82-220-38-86.plesk.page\/?p=127\" alt=\"DKZ Eisenstadt\">DKZ Eisenstadt<\/a><div class=\"wp-block-coblocks-posts__excerpt\"><\/div><\/div><\/div><div class=\"wp-block-coblocks-posts__item\"><div class=\"wp-block-coblocks-posts__image\"><a href=\"https:\/\/vigorous-taussig.82-220-38-86.plesk.page\/?p=125\" class=\"bg-cover bg-center-center\" style=\"background-image:url(https:\/\/vigorous-taussig.82-220-38-86.plesk.page\/wp-content\/uploads\/2021\/12\/LHalle6.jpeg)\"><\/a><\/div><div class=\"wp-block-coblocks-posts__content\"><a href=\"https:\/\/vigorous-taussig.82-220-38-86.plesk.page\/?p=125\" alt=\"Lagerhalle\">Lagerhalle<\/a><div class=\"wp-block-coblocks-posts__excerpt\"><\/div><\/div><\/div><div class=\"wp-block-coblocks-posts__item\"><div class=\"wp-block-coblocks-posts__image\"><a href=\"https:\/\/vigorous-taussig.82-220-38-86.plesk.page\/?p=119\" class=\"bg-cover bg-center-center\" style=\"background-image:url(https:\/\/vigorous-taussig.82-220-38-86.plesk.page\/wp-content\/uploads\/2021\/12\/DSC_3052.jpg)\"><\/a><\/div><div class=\"wp-block-coblocks-posts__content\"><a href=\"https:\/\/vigorous-taussig.82-220-38-86.plesk.page\/?p=119\" alt=\"Projektbetreuung Pfarrgasse\">Projektbetreuung Pfarrgasse<\/a><div class=\"wp-block-coblocks-posts__excerpt\">Das ehemalige Bank-Austria-Geb\u00e4ude Eisenstadt in der Pfarrgasse wurde komplett neu konzipiert und adaptiert. Die R\u00e4umlichkeiten des moderne B\u00fcrokomplex wurden mit dezentem Design und einer besonderen Ausstrahlung versehen.<\/div><\/div><\/div><\/div><\/div>\n\n\n<div style=\"height:100px\" aria-hidden=\"true\" class=\"wp-block-spacer\"><\/div>\n\n\n<div class=\"wp-block-coblocks-shape-divider alignfull is-style-waves mt-0 mb-0\" style=\"color: #d9d9d9;\" aria-hidden=\"true\">\n\t\t\t<div class=\"wp-block-coblocks-shape-divider__svg-wrapper\" style=\"height:200px;\">\n\t\t\t\t<svg class=\"divider--waves\" fill=\"\" xmlns=\"http:\/\/www.w3.org\/2000\/svg\" viewBox=\"0 0 1000 300\" preserveAspectRatio=\"none\"><path d=\"M 1000 299 l 2 -279 c -155 -36 -310 135 -415 164 c -102.64 28.35 -149 -32 -232 -31 c -80 1 -142 53 -229 80 c -65.54 20.34 -101 15 -126 11.61 v 54.39 z\"><\/path><path d=\"M 1000 286 l 2 -252 c -157 -43 -302 144 -405 178 c -101.11 33.38 -159 -47 -242 -46 c -80 1 -145.09 54.07 -229 87 c -65.21 25.59 -104.07 16.72 -126 10.61 v 22.39 z\"><\/path><path d=\"M 1000 300 l 1 -230.29 c -217 -12.71 -300.47 129.15 -404 156.29 c -103 27 -174 -30 -257 -29 c -80 1 -130.09 37.07 -214 70 c -61.23 24 -108 15.61 -126 10.61 v 22.39 z\"><\/path><\/svg>\n\t\t\t<\/div>\n\t\t\t<div class=\"wp-block-coblocks-shape-divider__alt-wrapper\" style=\"height:0px;\"><\/div>\n\t\t<\/div>","protected":false},"excerpt":{"rendered":"","protected":false},"author":1,"featured_media":0,"parent":0,"menu_order":0,"comment_status":"closed","ping_status":"closed","template":"","meta":{"_coblocks_attr":"","_coblocks_dimensions":"","_coblocks_responsive_height":"","_coblocks_accordion_ie_support":"","neve_meta_sidebar":"","neve_meta_container":"contained","neve_meta_enable_content_width":"","neve_meta_content_width":0,"neve_meta_title_alignment":"","neve_meta_author_avatar":"","neve_post_elements_order":"","neve_meta_disable_header":"","neve_meta_disable_footer":"","neve_meta_disable_title":"on"},"uagb_featured_image_src":{"full":false,"thumbnail":false,"medium":false,"medium_large":false,"large":false,"1536x1536":false,"2048x2048":false,"neve-blog":false},"uagb_author_info":{"display_name":"admin","author_link":"https:\/\/vigorous-taussig.82-220-38-86.plesk.page\/?author=1"},"uagb_comment_info":0,"uagb_excerpt":null,"_links":{"self":[{"href":"https:\/\/vigorous-taussig.82-220-38-86.plesk.page\/index.php?rest_route=\/wp\/v2\/pages\/8"}],"collection":[{"href":"https:\/\/vigorous-taussig.82-220-38-86.plesk.page\/index.php?rest_route=\/wp\/v2\/pages"}],"about":[{"href":"https:\/\/vigorous-taussig.82-220-38-86.plesk.page\/index.php?rest_route=\/wp\/v2\/types\/page"}],"author":[{"embeddable":true,"href":"https:\/\/vigorous-taussig.82-220-38-86.plesk.page\/index.php?rest_route=\/wp\/v2\/users\/1"}],"replies":[{"embeddable":true,"href":"https:\/\/vigorous-taussig.82-220-38-86.plesk.page\/index.php?rest_route=%2Fwp%2Fv2%2Fcomments&post=8"}],"version-history":[{"count":5,"href":"https:\/\/vigorous-taussig.82-220-38-86.plesk.page\/index.php?rest_route=\/wp\/v2\/pages\/8\/revisions"}],"predecessor-version":[{"id":131,"href":"https:\/\/vigorous-taussig.82-220-38-86.plesk.page\/index.php?rest_route=\/wp\/v2\/pages\/8\/revisions\/131"}],"wp:attachment":[{"href":"https:\/\/vigorous-taussig.82-220-38-86.plesk.page\/index.php?rest_route=%2Fwp%2Fv2%2Fmedia&parent=8"}],"curies":[{"name":"wp","href":"https:\/\/api.w.org\/{rel}","templated":true}]}}