{"id":7,"date":"2021-12-01T07:47:21","date_gmt":"2021-12-01T07:47:21","guid":{"rendered":"https:\/\/vigorous-taussig.82-220-38-86.plesk.page\/?page_id=7"},"modified":"2021-12-16T23:30:31","modified_gmt":"2021-12-16T23:30:31","slug":"wer-wir-sind","status":"publish","type":"page","link":"https:\/\/vigorous-taussig.82-220-38-86.plesk.page\/?page_id=7","title":{"rendered":"\u00dcber uns"},"content":{"rendered":"\n<div class=\"wp-block-cover alignfull\" style=\"min-height:500px\"><img loading=\"lazy\" width=\"1900\" height=\"691\" class=\"wp-block-cover__image-background wp-image-96\" alt=\"\" src=\"https:\/\/vigorous-taussig.82-220-38-86.plesk.page\/wp-content\/uploads\/2021\/12\/AdobeStock_305153166.jpeg\" style=\"object-position:38% 78%\" data-object-fit=\"cover\" data-object-position=\"38% 78%\" srcset=\"https:\/\/vigorous-taussig.82-220-38-86.plesk.page\/wp-content\/uploads\/2021\/12\/AdobeStock_305153166.jpeg 1900w, https:\/\/vigorous-taussig.82-220-38-86.plesk.page\/wp-content\/uploads\/2021\/12\/AdobeStock_305153166-300x109.jpeg 300w, https:\/\/vigorous-taussig.82-220-38-86.plesk.page\/wp-content\/uploads\/2021\/12\/AdobeStock_305153166-1024x372.jpeg 1024w, https:\/\/vigorous-taussig.82-220-38-86.plesk.page\/wp-content\/uploads\/2021\/12\/AdobeStock_305153166-768x279.jpeg 768w, https:\/\/vigorous-taussig.82-220-38-86.plesk.page\/wp-content\/uploads\/2021\/12\/AdobeStock_305153166-1536x559.jpeg 1536w\" sizes=\"(max-width: 1900px) 100vw, 1900px\" \/><div class=\"wp-block-cover__inner-container\">\n<p class=\"has-text-align-center has-large-font-size\"><\/p>\n<\/div><\/div>\n\n\n\n<div style=\"height:100px\" aria-hidden=\"true\" class=\"wp-block-spacer\"><\/div>\n\n\n\n<h2>S &amp; S Holding GmbH<\/h2>\n\n\n\n<figure class=\"wp-block-gallery columns-4 is-cropped\"><ul class=\"blocks-gallery-grid\"><li class=\"blocks-gallery-item\"><figure><img loading=\"lazy\" width=\"500\" height=\"500\" src=\"https:\/\/vigorous-taussig.82-220-38-86.plesk.page\/wp-content\/uploads\/2021\/12\/2093_5_aad733a32167c8474cab23405a9ed350.png\" alt=\"\" data-id=\"160\" data-full-url=\"https:\/\/vigorous-taussig.82-220-38-86.plesk.page\/wp-content\/uploads\/2021\/12\/2093_5_aad733a32167c8474cab23405a9ed350.png\" data-link=\"https:\/\/vigorous-taussig.82-220-38-86.plesk.page\/?attachment_id=160\" class=\"wp-image-160\" srcset=\"https:\/\/vigorous-taussig.82-220-38-86.plesk.page\/wp-content\/uploads\/2021\/12\/2093_5_aad733a32167c8474cab23405a9ed350.png 500w, https:\/\/vigorous-taussig.82-220-38-86.plesk.page\/wp-content\/uploads\/2021\/12\/2093_5_aad733a32167c8474cab23405a9ed350-300x300.png 300w, https:\/\/vigorous-taussig.82-220-38-86.plesk.page\/wp-content\/uploads\/2021\/12\/2093_5_aad733a32167c8474cab23405a9ed350-150x150.png 150w\" sizes=\"(max-width: 500px) 100vw, 500px\" \/><figcaption class=\"blocks-gallery-item__caption\">Alfred S\u00f6ls<\/figcaption><\/figure><\/li><li class=\"blocks-gallery-item\"><figure><img loading=\"lazy\" width=\"500\" height=\"500\" src=\"https:\/\/vigorous-taussig.82-220-38-86.plesk.page\/wp-content\/uploads\/2021\/12\/2094_5_0a4db8c3aaafee14832c34c009cb005e.png\" alt=\"\" data-id=\"163\" data-full-url=\"https:\/\/vigorous-taussig.82-220-38-86.plesk.page\/wp-content\/uploads\/2021\/12\/2094_5_0a4db8c3aaafee14832c34c009cb005e.png\" data-link=\"https:\/\/vigorous-taussig.82-220-38-86.plesk.page\/?attachment_id=163\" class=\"wp-image-163\" srcset=\"https:\/\/vigorous-taussig.82-220-38-86.plesk.page\/wp-content\/uploads\/2021\/12\/2094_5_0a4db8c3aaafee14832c34c009cb005e.png 500w, https:\/\/vigorous-taussig.82-220-38-86.plesk.page\/wp-content\/uploads\/2021\/12\/2094_5_0a4db8c3aaafee14832c34c009cb005e-300x300.png 300w, https:\/\/vigorous-taussig.82-220-38-86.plesk.page\/wp-content\/uploads\/2021\/12\/2094_5_0a4db8c3aaafee14832c34c009cb005e-150x150.png 150w\" sizes=\"(max-width: 500px) 100vw, 500px\" \/><figcaption class=\"blocks-gallery-item__caption\">Gabriele S\u00f6ls<\/figcaption><\/figure><\/li><li class=\"blocks-gallery-item\"><figure><img loading=\"lazy\" width=\"500\" height=\"500\" src=\"https:\/\/vigorous-taussig.82-220-38-86.plesk.page\/wp-content\/uploads\/2021\/12\/2096_5_6b9a12d700fb6ce6e485c0ab34248f49.png\" alt=\"\" data-id=\"162\" data-full-url=\"https:\/\/vigorous-taussig.82-220-38-86.plesk.page\/wp-content\/uploads\/2021\/12\/2096_5_6b9a12d700fb6ce6e485c0ab34248f49.png\" data-link=\"https:\/\/vigorous-taussig.82-220-38-86.plesk.page\/?attachment_id=162\" class=\"wp-image-162\" srcset=\"https:\/\/vigorous-taussig.82-220-38-86.plesk.page\/wp-content\/uploads\/2021\/12\/2096_5_6b9a12d700fb6ce6e485c0ab34248f49.png 500w, https:\/\/vigorous-taussig.82-220-38-86.plesk.page\/wp-content\/uploads\/2021\/12\/2096_5_6b9a12d700fb6ce6e485c0ab34248f49-300x300.png 300w, https:\/\/vigorous-taussig.82-220-38-86.plesk.page\/wp-content\/uploads\/2021\/12\/2096_5_6b9a12d700fb6ce6e485c0ab34248f49-150x150.png 150w\" sizes=\"(max-width: 500px) 100vw, 500px\" \/><figcaption class=\"blocks-gallery-item__caption\">Bj\u00f6rn Marcus S\u00f6ls<\/figcaption><\/figure><\/li><li class=\"blocks-gallery-item\"><figure><img loading=\"lazy\" width=\"500\" height=\"500\" src=\"https:\/\/vigorous-taussig.82-220-38-86.plesk.page\/wp-content\/uploads\/2021\/12\/2097_5_0ecddbb315124a96545d56eb10deeb0c.png\" alt=\"\" data-id=\"161\" data-full-url=\"https:\/\/vigorous-taussig.82-220-38-86.plesk.page\/wp-content\/uploads\/2021\/12\/2097_5_0ecddbb315124a96545d56eb10deeb0c.png\" data-link=\"https:\/\/vigorous-taussig.82-220-38-86.plesk.page\/?attachment_id=161\" class=\"wp-image-161\" srcset=\"https:\/\/vigorous-taussig.82-220-38-86.plesk.page\/wp-content\/uploads\/2021\/12\/2097_5_0ecddbb315124a96545d56eb10deeb0c.png 500w, https:\/\/vigorous-taussig.82-220-38-86.plesk.page\/wp-content\/uploads\/2021\/12\/2097_5_0ecddbb315124a96545d56eb10deeb0c-300x300.png 300w, https:\/\/vigorous-taussig.82-220-38-86.plesk.page\/wp-content\/uploads\/2021\/12\/2097_5_0ecddbb315124a96545d56eb10deeb0c-150x150.png 150w\" sizes=\"(max-width: 500px) 100vw, 500px\" \/><figcaption class=\"blocks-gallery-item__caption\">J\u00f6rg Oliver S\u00f6ls <\/figcaption><\/figure><\/li><\/ul><\/figure>\n\n\n\n<p>Die S &amp; S Holding GmbH hat lange Tradition in Eisenstadt. Die Firmengeschichte von AS Pokale rund um  Alfred S\u00f6ls nahm 1985 ihren\u00a0Anfang: Damals funktionierte Alfred S\u00f6ls seinen Keller zur Werkstatt um, um dort Gastroger\u00e4te\u00a0zu reparieren, und beantragte einen Gewerbeschein, um sein Unternehmen selbst\u00e4ndig zu f\u00fchren.\u00a0Daneben vermietete er Unterhaltungsautomaten und begann mit Pokalen zu handeln \u2013 damit war\u00a0der Grundstein f\u00fcr die drei Kernbereiche gelegt, in denen die Gastromatic GmbH heute noch t\u00e4tig\u00a0ist. Schon bald reichten die R\u00e4umlichkeiten im Keller nicht mehr aus. Daher entschied sich Alfred\u00a0S\u00f6ls zur Expansion.\u00a0Durch die viele Kontakte, entstanden Netzwerke und Symbiosen. Dieses Wissen bildet den Grundstein f\u00fcr die Projekte von Pro Futura. Die S &amp; S Holding GmbH wird von Alfred S\u00f6ls, Gabriele S\u00f6ls, J\u00f6rg Oliver S\u00f6ls und Bj\u00f6rn Marcus S\u00f6ls gef\u00fchrt.<\/p>\n\n\n<div class=\"wp-block-coblocks-shape-divider alignfull is-style-waves mt-0 mb-0\" style=\"color: #f38c4d;\" aria-hidden=\"true\">\n\t\t\t<div class=\"wp-block-coblocks-shape-divider__svg-wrapper\" style=\"height:100px;\">\n\t\t\t\t<svg class=\"divider--waves\" fill=\"\" xmlns=\"http:\/\/www.w3.org\/2000\/svg\" viewBox=\"0 0 1000 300\" preserveAspectRatio=\"none\"><path d=\"M 1000 299 l 2 -279 c -155 -36 -310 135 -415 164 c -102.64 28.35 -149 -32 -232 -31 c -80 1 -142 53 -229 80 c -65.54 20.34 -101 15 -126 11.61 v 54.39 z\"><\/path><path d=\"M 1000 286 l 2 -252 c -157 -43 -302 144 -405 178 c -101.11 33.38 -159 -47 -242 -46 c -80 1 -145.09 54.07 -229 87 c -65.21 25.59 -104.07 16.72 -126 10.61 v 22.39 z\"><\/path><path d=\"M 1000 300 l 1 -230.29 c -217 -12.71 -300.47 129.15 -404 156.29 c -103 27 -174 -30 -257 -29 c -80 1 -130.09 37.07 -214 70 c -61.23 24 -108 15.61 -126 10.61 v 22.39 z\"><\/path><\/svg>\n\t\t\t<\/div>\n\t\t\t<div class=\"wp-block-coblocks-shape-divider__alt-wrapper\" style=\"height:50px;\"><\/div>\n\t\t<\/div>\n\n\n<section class=\"wp-block-uagb-section uagb-section__wrap uagb-section__background-color alignfull uagb-block-2b85fb66\"><div class=\"uagb-section__overlay\"><\/div><div class=\"uagb-section__inner-wrap\">\n<h2 class=\"has-nv-text-dark-bg-color has-text-color\">Hans Niessl Consulting GmbH<\/h2>\n\n\n\n<figure class=\"wp-block-image size-medium is-style-default\"><img loading=\"lazy\" width=\"203\" height=\"300\" src=\"https:\/\/vigorous-taussig.82-220-38-86.plesk.page\/wp-content\/uploads\/2021\/12\/portrait-203x300.jpg\" alt=\"\" class=\"wp-image-115\" srcset=\"https:\/\/vigorous-taussig.82-220-38-86.plesk.page\/wp-content\/uploads\/2021\/12\/portrait-203x300.jpg 203w, https:\/\/vigorous-taussig.82-220-38-86.plesk.page\/wp-content\/uploads\/2021\/12\/portrait.jpg 520w\" sizes=\"(max-width: 203px) 100vw, 203px\" \/><\/figure>\n\n\n\n<p class=\"has-nv-text-dark-bg-color has-text-color\">Berater f\u00fcr Innovation und zukunftsweisende Technologien im Burgenland. Mir liegt das Wohl unseres Landes sehr am Herzen. Es ist mir deshalb ein Anliegen, optimale Bedingungen zu schaffen, um den Wirtschaftsstandort Burgenland noch attraktiver zu gestalten und weiter auszubauen. Der Einsatz von erneuerbarer Energie und die Entwicklung innovativer Projekte sind zentrale Themenschwerpunkte meiner Arbeit. Sie profitieren von meiner jahrelangen Erfahrung als aktiver Politiker und erhalten die Chance in ein breites Netzwerk aus Politik, Wirtschaft &amp; Zivilgesellschaft einzutauchen.<\/p>\n\n\n\n<p class=\"has-nv-text-dark-bg-color has-text-color\"><strong>BERUFSLAUFBAHN<\/strong><br>Mich zeichnet eine jahrzehntelange Berufserfahrung mit tiefer Heimatverbundenheit aus:<\/p>\n\n\n\n<p class=\"has-nv-text-dark-bg-color has-text-color\">22 Jahre P\u00e4dagoge und Hauptschuldirektor<br>18 Jahre Landeshauptmann des Burgenlandes<br>13 Jahre B\u00fcrgermeister der Stadtgemeinde Frauenkirchen<br>12 Jahre Aufsichtsratsvorsitzender der WIBUG, zust\u00e4ndig f\u00fcr Betriebsansiedlungen<br>5 Jahre Abgeordneter zum burgenl\u00e4ndischen Landtag und Klubobmann<br>3,5 Jahre Aufsichtsratsvorsitzender der Landesholding Burgenland<\/p>\n\n\n\n<p class=\"has-nv-text-dark-bg-color has-text-color\"><strong>BERATERT\u00c4TIGKEIT<\/strong><br>Aufgrund meiner langj\u00e4hrigen Erfahrung und meiner umfassenden Expertise biete ich Betrieben vielseitige Beratung insbesondere hinsichtlich Ansiedlung und der Stromerzeugung durch erneuerbare Energie. Der Einsatz von Photovoltaik-Anlagen hat sich mittlerweile etabliert, Wasserstoff auf ebensolche Weise nutzbar zu machen, ist ein spannendes Zukunftsszenario, dem ich mich widme. Den Bau von Wohnungen und Fachmarktzentren unter R\u00fccksichtnahme auf sozio\u00f6konomische und gesellschaftliche Aspekte voranzutreiben, ist mir wichtig. Um Ihr Bauvorhaben verwirklichen zu k\u00f6nnen, stelle ich Ihnen gerne die notwendigen Kontakte mit bew\u00e4hrten und erfahrenen Firmen her und berate Sie hinsichtlich der Bestimmungen im Burgenland. Denn es ist mir ein Anliegen, die Region Burgenland wirtschaftlich noch weiter zu st\u00e4rken und den \u00f6kologischen Standpunkt noch intensiver zu verankern.<\/p>\n\n\n\n<h3 class=\"has-nv-text-dark-bg-color has-text-color\">Meine Leistungen<\/h3>\n\n\n\n<ul class=\"has-nv-text-dark-bg-color has-text-color\"><li>Ich f\u00fchre Analysen f\u00fcr Sie durch und beobachte politisch relevante Themen.<\/li><li>Gemeinsam entwickeln wir analytisch fundierte Strategien und Entscheidungsgrundlagen sowie konkrete Handlungsanleitungen f\u00fcr Ihre \u00d6ffentlichkeitsarbeit.<\/li><li>Bei der Einrichtung Ihres eigenen Monitorings kann ich Sie ebenso ausf\u00fchrlich beraten.<\/li><\/ul>\n\n\n\n<figure class=\"wp-block-gallery columns-4 is-cropped\"><ul class=\"blocks-gallery-grid\"><li class=\"blocks-gallery-item\"><figure><img loading=\"lazy\" width=\"352\" height=\"305\" src=\"https:\/\/vigorous-taussig.82-220-38-86.plesk.page\/wp-content\/uploads\/2021\/12\/auszeichnung-4.jpg\" alt=\"\" data-id=\"109\" data-full-url=\"https:\/\/vigorous-taussig.82-220-38-86.plesk.page\/wp-content\/uploads\/2021\/12\/auszeichnung-4.jpg\" data-link=\"https:\/\/vigorous-taussig.82-220-38-86.plesk.page\/?attachment_id=109\" class=\"wp-image-109\" srcset=\"https:\/\/vigorous-taussig.82-220-38-86.plesk.page\/wp-content\/uploads\/2021\/12\/auszeichnung-4.jpg 352w, https:\/\/vigorous-taussig.82-220-38-86.plesk.page\/wp-content\/uploads\/2021\/12\/auszeichnung-4-300x260.jpg 300w\" sizes=\"(max-width: 352px) 100vw, 352px\" \/><\/figure><\/li><li class=\"blocks-gallery-item\"><figure><img loading=\"lazy\" width=\"352\" height=\"305\" src=\"https:\/\/vigorous-taussig.82-220-38-86.plesk.page\/wp-content\/uploads\/2021\/12\/auszeichnung-3.jpg\" alt=\"\" data-id=\"110\" data-full-url=\"https:\/\/vigorous-taussig.82-220-38-86.plesk.page\/wp-content\/uploads\/2021\/12\/auszeichnung-3.jpg\" data-link=\"https:\/\/vigorous-taussig.82-220-38-86.plesk.page\/?attachment_id=110\" class=\"wp-image-110\" srcset=\"https:\/\/vigorous-taussig.82-220-38-86.plesk.page\/wp-content\/uploads\/2021\/12\/auszeichnung-3.jpg 352w, https:\/\/vigorous-taussig.82-220-38-86.plesk.page\/wp-content\/uploads\/2021\/12\/auszeichnung-3-300x260.jpg 300w\" sizes=\"(max-width: 352px) 100vw, 352px\" \/><\/figure><\/li><li class=\"blocks-gallery-item\"><figure><img loading=\"lazy\" width=\"352\" height=\"305\" src=\"https:\/\/vigorous-taussig.82-220-38-86.plesk.page\/wp-content\/uploads\/2021\/12\/auszeichnung-2.jpg\" alt=\"\" data-id=\"111\" data-full-url=\"https:\/\/vigorous-taussig.82-220-38-86.plesk.page\/wp-content\/uploads\/2021\/12\/auszeichnung-2.jpg\" data-link=\"https:\/\/vigorous-taussig.82-220-38-86.plesk.page\/?attachment_id=111\" class=\"wp-image-111\" srcset=\"https:\/\/vigorous-taussig.82-220-38-86.plesk.page\/wp-content\/uploads\/2021\/12\/auszeichnung-2.jpg 352w, https:\/\/vigorous-taussig.82-220-38-86.plesk.page\/wp-content\/uploads\/2021\/12\/auszeichnung-2-300x260.jpg 300w\" sizes=\"(max-width: 352px) 100vw, 352px\" \/><\/figure><\/li><li class=\"blocks-gallery-item\"><figure><img loading=\"lazy\" width=\"352\" height=\"305\" src=\"https:\/\/vigorous-taussig.82-220-38-86.plesk.page\/wp-content\/uploads\/2021\/12\/auszeichnung-1.jpg\" alt=\"\" data-id=\"112\" data-full-url=\"https:\/\/vigorous-taussig.82-220-38-86.plesk.page\/wp-content\/uploads\/2021\/12\/auszeichnung-1.jpg\" data-link=\"https:\/\/vigorous-taussig.82-220-38-86.plesk.page\/?attachment_id=112\" class=\"wp-image-112\" srcset=\"https:\/\/vigorous-taussig.82-220-38-86.plesk.page\/wp-content\/uploads\/2021\/12\/auszeichnung-1.jpg 352w, https:\/\/vigorous-taussig.82-220-38-86.plesk.page\/wp-content\/uploads\/2021\/12\/auszeichnung-1-300x260.jpg 300w\" sizes=\"(max-width: 352px) 100vw, 352px\" \/><\/figure><\/li><\/ul><\/figure>\n<\/div><\/section>\n\n\n<div class=\"wp-block-coblocks-shape-divider alignfull is-style-waves is-vertically-flipped is-horizontally-flipped mt-0 mb-0\" style=\"color: #f38c4d;\" aria-hidden=\"true\">\n\t\t\t<div class=\"wp-block-coblocks-shape-divider__svg-wrapper\" style=\"height:100px;\">\n\t\t\t\t<svg class=\"divider--waves\" fill=\"\" xmlns=\"http:\/\/www.w3.org\/2000\/svg\" viewBox=\"0 0 1000 300\" preserveAspectRatio=\"none\"><path d=\"M 1000 299 l 2 -279 c -155 -36 -310 135 -415 164 c -102.64 28.35 -149 -32 -232 -31 c -80 1 -142 53 -229 80 c -65.54 20.34 -101 15 -126 11.61 v 54.39 z\"><\/path><path d=\"M 1000 286 l 2 -252 c -157 -43 -302 144 -405 178 c -101.11 33.38 -159 -47 -242 -46 c -80 1 -145.09 54.07 -229 87 c -65.21 25.59 -104.07 16.72 -126 10.61 v 22.39 z\"><\/path><path d=\"M 1000 300 l 1 -230.29 c -217 -12.71 -300.47 129.15 -404 156.29 c -103 27 -174 -30 -257 -29 c -80 1 -130.09 37.07 -214 70 c -61.23 24 -108 15.61 -126 10.61 v 22.39 z\"><\/path><\/svg>\n\t\t\t<\/div>\n\t\t\t<div class=\"wp-block-coblocks-shape-divider__alt-wrapper\" style=\"height:50px;\"><\/div>\n\t\t<\/div>\n\n\n<div style=\"height:100px\" aria-hidden=\"true\" class=\"wp-block-spacer\"><\/div>\n\n\n\n<h2>Barisits Tankstellen Betriebs GmbH<\/h2>\n\n\n\n<p>Im Jahr 1947, nach dem Zweiten Weltkrieg, von Stefan Barisits als Holzhandlung gegr\u00fcndet, fungiert das Unternehmen heute als zentraler Logistikknoten f\u00fcr das weitreichende Tankstellennetz der Barisits Mineral\u00f6le Handelsgesellschaft m.b.H und der Barisits Tankstellen Betriebs G.m.b.H. &#8211; seit 2012 f\u00fchrt Herr Norbert Barisits die laufenden Gesch\u00e4fte. Die Barisits Tankstellenbetriebs GmbH ist ein zuverl\u00e4ssiger Partner in der Tankstellenbranche.<\/p>\n\n\n\n<figure class=\"wp-block-image size-large is-resized is-style-rounded\"><img loading=\"lazy\" src=\"https:\/\/vigorous-taussig.82-220-38-86.plesk.page\/wp-content\/uploads\/2021\/12\/norbert-barisits.1024x1024-1024x1024.jpg\" alt=\"\" class=\"wp-image-166\" width=\"256\" height=\"256\" srcset=\"https:\/\/vigorous-taussig.82-220-38-86.plesk.page\/wp-content\/uploads\/2021\/12\/norbert-barisits.1024x1024.jpg 1024w, https:\/\/vigorous-taussig.82-220-38-86.plesk.page\/wp-content\/uploads\/2021\/12\/norbert-barisits.1024x1024-300x300.jpg 300w, https:\/\/vigorous-taussig.82-220-38-86.plesk.page\/wp-content\/uploads\/2021\/12\/norbert-barisits.1024x1024-150x150.jpg 150w, https:\/\/vigorous-taussig.82-220-38-86.plesk.page\/wp-content\/uploads\/2021\/12\/norbert-barisits.1024x1024-768x768.jpg 768w\" sizes=\"(max-width: 256px) 100vw, 256px\" \/><\/figure>\n\n\n\n<p>Diese lange Tradition und Erfahrung bringen wir in Pro Futura und in Ihre Projekte mit ein, um ein Optimum an Beratungsleistung zu generieren.<\/p>\n\n\n\n<div style=\"height:100px\" aria-hidden=\"true\" class=\"wp-block-spacer\"><\/div>\n\n\n<div class=\"wp-block-coblocks-shape-divider alignfull is-style-waves mt-0 mb-0\" style=\"color: #d9d9d9;\" aria-hidden=\"true\">\n\t\t\t<div class=\"wp-block-coblocks-shape-divider__svg-wrapper\" style=\"height:200px;\">\n\t\t\t\t<svg class=\"divider--waves\" fill=\"\" xmlns=\"http:\/\/www.w3.org\/2000\/svg\" viewBox=\"0 0 1000 300\" preserveAspectRatio=\"none\"><path d=\"M 1000 299 l 2 -279 c -155 -36 -310 135 -415 164 c -102.64 28.35 -149 -32 -232 -31 c -80 1 -142 53 -229 80 c -65.54 20.34 -101 15 -126 11.61 v 54.39 z\"><\/path><path d=\"M 1000 286 l 2 -252 c -157 -43 -302 144 -405 178 c -101.11 33.38 -159 -47 -242 -46 c -80 1 -145.09 54.07 -229 87 c -65.21 25.59 -104.07 16.72 -126 10.61 v 22.39 z\"><\/path><path d=\"M 1000 300 l 1 -230.29 c -217 -12.71 -300.47 129.15 -404 156.29 c -103 27 -174 -30 -257 -29 c -80 1 -130.09 37.07 -214 70 c -61.23 24 -108 15.61 -126 10.61 v 22.39 z\"><\/path><\/svg>\n\t\t\t<\/div>\n\t\t\t<div class=\"wp-block-coblocks-shape-divider__alt-wrapper\" style=\"height:0px;\"><\/div>\n\t\t<\/div>","protected":false},"excerpt":{"rendered":"<p>S &amp; S Holding GmbH Die S &amp; S Holding GmbH hat lange Tradition in Eisenstadt. Die Firmengeschichte von AS Pokale rund um Alfred S\u00f6ls nahm 1985 ihren\u00a0Anfang: Damals funktionierte Alfred S\u00f6ls seinen Keller zur Werkstatt um, um dort Gastroger\u00e4te\u00a0zu reparieren, und beantragte einen Gewerbeschein, um sein Unternehmen selbst\u00e4ndig zu f\u00fchren.\u00a0Daneben vermietete er Unterhaltungsautomaten und&hellip;&nbsp;<a href=\"https:\/\/vigorous-taussig.82-220-38-86.plesk.page\/?page_id=7\" class=\"\" rel=\"bookmark\">Weiterlesen &raquo;<span class=\"screen-reader-text\">\u00dcber uns<\/span><\/a><\/p>\n","protected":false},"author":1,"featured_media":0,"parent":0,"menu_order":0,"comment_status":"closed","ping_status":"closed","template":"","meta":{"_coblocks_attr":"","_coblocks_dimensions":"","_coblocks_responsive_height":"","_coblocks_accordion_ie_support":"","neve_meta_sidebar":"","neve_meta_container":"","neve_meta_enable_content_width":"","neve_meta_content_width":0,"neve_meta_title_alignment":"","neve_meta_author_avatar":"","neve_post_elements_order":"","neve_meta_disable_header":"","neve_meta_disable_footer":"","neve_meta_disable_title":"on"},"uagb_featured_image_src":{"full":false,"thumbnail":false,"medium":false,"medium_large":false,"large":false,"1536x1536":false,"2048x2048":false,"neve-blog":false},"uagb_author_info":{"display_name":"admin","author_link":"https:\/\/vigorous-taussig.82-220-38-86.plesk.page\/?author=1"},"uagb_comment_info":0,"uagb_excerpt":"S &amp; S Holding GmbH Die S &amp; S Holding GmbH hat lange Tradition in Eisenstadt. Die Firmengeschichte von AS Pokale rund um Alfred S\u00f6ls nahm 1985 ihren\u00a0Anfang: Damals funktionierte Alfred S\u00f6ls seinen Keller zur Werkstatt um, um dort Gastroger\u00e4te\u00a0zu reparieren, und beantragte einen Gewerbeschein, um sein Unternehmen selbst\u00e4ndig zu f\u00fchren.\u00a0Daneben vermietete er Unterhaltungsautomaten und&hellip;&nbsp;Weiterlesen&hellip;","_links":{"self":[{"href":"https:\/\/vigorous-taussig.82-220-38-86.plesk.page\/index.php?rest_route=\/wp\/v2\/pages\/7"}],"collection":[{"href":"https:\/\/vigorous-taussig.82-220-38-86.plesk.page\/index.php?rest_route=\/wp\/v2\/pages"}],"about":[{"href":"https:\/\/vigorous-taussig.82-220-38-86.plesk.page\/index.php?rest_route=\/wp\/v2\/types\/page"}],"author":[{"embeddable":true,"href":"https:\/\/vigorous-taussig.82-220-38-86.plesk.page\/index.php?rest_route=\/wp\/v2\/users\/1"}],"replies":[{"embeddable":true,"href":"https:\/\/vigorous-taussig.82-220-38-86.plesk.page\/index.php?rest_route=%2Fwp%2Fv2%2Fcomments&post=7"}],"version-history":[{"count":11,"href":"https:\/\/vigorous-taussig.82-220-38-86.plesk.page\/index.php?rest_route=\/wp\/v2\/pages\/7\/revisions"}],"predecessor-version":[{"id":167,"href":"https:\/\/vigorous-taussig.82-220-38-86.plesk.page\/index.php?rest_route=\/wp\/v2\/pages\/7\/revisions\/167"}],"wp:attachment":[{"href":"https:\/\/vigorous-taussig.82-220-38-86.plesk.page\/index.php?rest_route=%2Fwp%2Fv2%2Fmedia&parent=7"}],"curies":[{"name":"wp","href":"https:\/\/api.w.org\/{rel}","templated":true}]}}