{"id":40,"date":"2021-12-02T07:49:59","date_gmt":"2021-12-02T07:49:59","guid":{"rendered":"https:\/\/vigorous-taussig.82-220-38-86.plesk.page\/?page_id=40"},"modified":"2021-12-16T22:52:59","modified_gmt":"2021-12-16T22:52:59","slug":"unsere-leistungen","status":"publish","type":"page","link":"https:\/\/vigorous-taussig.82-220-38-86.plesk.page\/?page_id=40","title":{"rendered":"Unsere Leistungen"},"content":{"rendered":"\n<div class=\"wp-block-cover alignfull\" style=\"min-height:500px\"><img loading=\"lazy\" width=\"1900\" height=\"897\" class=\"wp-block-cover__image-background wp-image-100\" alt=\"\" src=\"https:\/\/vigorous-taussig.82-220-38-86.plesk.page\/wp-content\/uploads\/2021\/12\/AdobeStock_320205498.jpeg\" style=\"object-position:38% 78%\" data-object-fit=\"cover\" data-object-position=\"38% 78%\" srcset=\"https:\/\/vigorous-taussig.82-220-38-86.plesk.page\/wp-content\/uploads\/2021\/12\/AdobeStock_320205498.jpeg 1900w, https:\/\/vigorous-taussig.82-220-38-86.plesk.page\/wp-content\/uploads\/2021\/12\/AdobeStock_320205498-300x142.jpeg 300w, https:\/\/vigorous-taussig.82-220-38-86.plesk.page\/wp-content\/uploads\/2021\/12\/AdobeStock_320205498-1024x483.jpeg 1024w, https:\/\/vigorous-taussig.82-220-38-86.plesk.page\/wp-content\/uploads\/2021\/12\/AdobeStock_320205498-768x363.jpeg 768w, https:\/\/vigorous-taussig.82-220-38-86.plesk.page\/wp-content\/uploads\/2021\/12\/AdobeStock_320205498-1536x725.jpeg 1536w\" sizes=\"(max-width: 1900px) 100vw, 1900px\" \/><div class=\"wp-block-cover__inner-container\">\n<p class=\"has-text-align-center has-large-font-size\"><\/p>\n<\/div><\/div>\n\n\n\n<div style=\"height:100px\" aria-hidden=\"true\" class=\"wp-block-spacer\"><\/div>\n\n\n\n<h2>Standort- u. Marktanalyse<\/h2>\n\n\n\n<p>Eine Standortanalyse \u2013 von der Standortwahl bis zur Betriebsanalyse \u2013 wir helfen Unternehmen dabei, die richtigen Entscheidungen zu treffen. Dies verschafft Ihnen betriebswirtschaftliche Informationen, um Ihre Verhandlungschancen wesentlich zu verbessern.<\/p>\n\n\n\n<p>Die Organisation Pro Futura bietet Unternehmen, die Standorterweiterungen oder Investitionen planen, eine unabh\u00e4ngige Analyse der wirtschaftlichen, sozialen, politischen und \u00f6kologischen Rahmenbedingungen.<\/p>\n\n\n<div class=\"wp-block-coblocks-shape-divider alignfull is-style-waves mt-0 mb-0\" style=\"color: #f38c4d;\" aria-hidden=\"true\">\n\t\t\t<div class=\"wp-block-coblocks-shape-divider__svg-wrapper\" style=\"height:100px;\">\n\t\t\t\t<svg class=\"divider--waves\" fill=\"\" xmlns=\"http:\/\/www.w3.org\/2000\/svg\" viewBox=\"0 0 1000 300\" preserveAspectRatio=\"none\"><path d=\"M 1000 299 l 2 -279 c -155 -36 -310 135 -415 164 c -102.64 28.35 -149 -32 -232 -31 c -80 1 -142 53 -229 80 c -65.54 20.34 -101 15 -126 11.61 v 54.39 z\"><\/path><path d=\"M 1000 286 l 2 -252 c -157 -43 -302 144 -405 178 c -101.11 33.38 -159 -47 -242 -46 c -80 1 -145.09 54.07 -229 87 c -65.21 25.59 -104.07 16.72 -126 10.61 v 22.39 z\"><\/path><path d=\"M 1000 300 l 1 -230.29 c -217 -12.71 -300.47 129.15 -404 156.29 c -103 27 -174 -30 -257 -29 c -80 1 -130.09 37.07 -214 70 c -61.23 24 -108 15.61 -126 10.61 v 22.39 z\"><\/path><\/svg>\n\t\t\t<\/div>\n\t\t\t<div class=\"wp-block-coblocks-shape-divider__alt-wrapper\" style=\"height:50px;\"><\/div>\n\t\t<\/div>\n\n\n<section class=\"wp-block-uagb-section uagb-section__wrap uagb-section__background-color alignfull uagb-block-c6bcc2c7\"><div class=\"uagb-section__overlay\"><\/div><div class=\"uagb-section__inner-wrap\">\n<h2 class=\"has-nv-text-dark-bg-color has-text-color\">Konzepterstellung<\/h2>\n\n\n\n<p class=\"has-nv-text-dark-bg-color has-text-color\">Aus der Vision wird ein Konzept. Aus dem Konzept wird ein lebendiges Gemeinschaftsprojekt. So entsteht dynamisch eine neue Realit\u00e4t. Werden Sie Teil von Pro Futura! Wir unterst\u00fctzen Sie bei der Konzeption Ihres Projekts, damit Sie von Anfang an eine solide Grundlage haben.<\/p>\n\n\n\n<p class=\"has-nv-text-dark-bg-color has-text-color\">Kerngesch\u00e4ft ist die umfassende Beratung unserer Kunden im Rahmen der Immobilienentwicklung sowie bei Immobilienank\u00e4ufen und -verk\u00e4ufen.<\/p>\n\n\n\n<h4 class=\"has-nv-text-dark-bg-color has-text-color\">Mit unserer Hilfe wird Ihr Projekt kein Projekt mehr sein. <\/h4>\n<\/div><\/section>\n\n\n<div class=\"wp-block-coblocks-shape-divider alignfull is-style-waves is-vertically-flipped is-horizontally-flipped mt-0 mb-0\" style=\"color: #f38c4d;\" aria-hidden=\"true\">\n\t\t\t<div class=\"wp-block-coblocks-shape-divider__svg-wrapper\" style=\"height:100px;\">\n\t\t\t\t<svg class=\"divider--waves\" fill=\"\" xmlns=\"http:\/\/www.w3.org\/2000\/svg\" viewBox=\"0 0 1000 300\" preserveAspectRatio=\"none\"><path d=\"M 1000 299 l 2 -279 c -155 -36 -310 135 -415 164 c -102.64 28.35 -149 -32 -232 -31 c -80 1 -142 53 -229 80 c -65.54 20.34 -101 15 -126 11.61 v 54.39 z\"><\/path><path d=\"M 1000 286 l 2 -252 c -157 -43 -302 144 -405 178 c -101.11 33.38 -159 -47 -242 -46 c -80 1 -145.09 54.07 -229 87 c -65.21 25.59 -104.07 16.72 -126 10.61 v 22.39 z\"><\/path><path d=\"M 1000 300 l 1 -230.29 c -217 -12.71 -300.47 129.15 -404 156.29 c -103 27 -174 -30 -257 -29 c -80 1 -130.09 37.07 -214 70 c -61.23 24 -108 15.61 -126 10.61 v 22.39 z\"><\/path><\/svg>\n\t\t\t<\/div>\n\t\t\t<div class=\"wp-block-coblocks-shape-divider__alt-wrapper\" style=\"height:50px;\"><\/div>\n\t\t<\/div>\n\n\n<div style=\"height:100px\" aria-hidden=\"true\" class=\"wp-block-spacer\"><\/div>\n\n\n\n<h2>Wettbewerbsanalyse<\/h2>\n\n\n\n<p>Da der Immobilienmarkt weniger entspannter ist, als in der Vergangenheit, ist die t\u00e4gliche Suche nach neuen M\u00f6glichkeiten, Wettbewerbsvorteile zu erschlie\u00dfen, wichtiger denn je. Eine M\u00f6glichkeit, die es in den letzten Jahren vermehrt gegeben hat ist die Entwicklung von Immobilien im Ausland.<br>Neben den \u00f6konomischen Vorteilen, die diese L\u00f6sung bietet, besteht die M\u00f6glichkeit, einige der gr\u00f6\u00dften Urlauberregionen des Globus zu erschlie\u00dfen.<\/p>\n\n\n\n<div style=\"height:100px\" aria-hidden=\"true\" class=\"wp-block-spacer\"><\/div>\n\n\n<div class=\"wp-block-coblocks-shape-divider alignfull is-style-waves is-horizontally-flipped mt-0 mb-0\" style=\"color: #f38c4d;\" aria-hidden=\"true\">\n\t\t\t<div class=\"wp-block-coblocks-shape-divider__svg-wrapper\" style=\"height:100px;\">\n\t\t\t\t<svg class=\"divider--waves\" fill=\"\" xmlns=\"http:\/\/www.w3.org\/2000\/svg\" viewBox=\"0 0 1000 300\" preserveAspectRatio=\"none\"><path d=\"M 1000 299 l 2 -279 c -155 -36 -310 135 -415 164 c -102.64 28.35 -149 -32 -232 -31 c -80 1 -142 53 -229 80 c -65.54 20.34 -101 15 -126 11.61 v 54.39 z\"><\/path><path d=\"M 1000 286 l 2 -252 c -157 -43 -302 144 -405 178 c -101.11 33.38 -159 -47 -242 -46 c -80 1 -145.09 54.07 -229 87 c -65.21 25.59 -104.07 16.72 -126 10.61 v 22.39 z\"><\/path><path d=\"M 1000 300 l 1 -230.29 c -217 -12.71 -300.47 129.15 -404 156.29 c -103 27 -174 -30 -257 -29 c -80 1 -130.09 37.07 -214 70 c -61.23 24 -108 15.61 -126 10.61 v 22.39 z\"><\/path><\/svg>\n\t\t\t<\/div>\n\t\t\t<div class=\"wp-block-coblocks-shape-divider__alt-wrapper\" style=\"height:50px;\"><\/div>\n\t\t<\/div>\n\n\n<section class=\"wp-block-uagb-section uagb-section__wrap uagb-section__background-color alignfull uagb-block-8361636c\"><div class=\"uagb-section__overlay\"><\/div><div class=\"uagb-section__inner-wrap\">\n<h2 class=\"has-nv-text-dark-bg-color has-text-color\">Terminplanung<\/h2>\n\n\n\n<p class=\"has-nv-text-dark-bg-color has-text-color\">Pro Futura hilft Ihnen, Ihre Aufgaben zu planen und zu organisieren. Schenken Sie Pro Futura Ihr vertrauen, wir k\u00fcmmern und um die zuverl\u00e4ssige Terminplanung f\u00fcr Ihr Projekt. Wir koordinieren als Netzwerkknoten alle \u00c4mter, Stellen und Professionisten. Ganz nach Ihren Bed\u00fcrfnissen.<\/p>\n<\/div><\/section>\n\n\n<div class=\"wp-block-coblocks-shape-divider alignfull is-style-waves is-vertically-flipped mt-0 mb-0\" style=\"color: #f38c4d;\" aria-hidden=\"true\">\n\t\t\t<div class=\"wp-block-coblocks-shape-divider__svg-wrapper\" style=\"height:100px;\">\n\t\t\t\t<svg class=\"divider--waves\" fill=\"\" xmlns=\"http:\/\/www.w3.org\/2000\/svg\" viewBox=\"0 0 1000 300\" preserveAspectRatio=\"none\"><path d=\"M 1000 299 l 2 -279 c -155 -36 -310 135 -415 164 c -102.64 28.35 -149 -32 -232 -31 c -80 1 -142 53 -229 80 c -65.54 20.34 -101 15 -126 11.61 v 54.39 z\"><\/path><path d=\"M 1000 286 l 2 -252 c -157 -43 -302 144 -405 178 c -101.11 33.38 -159 -47 -242 -46 c -80 1 -145.09 54.07 -229 87 c -65.21 25.59 -104.07 16.72 -126 10.61 v 22.39 z\"><\/path><path d=\"M 1000 300 l 1 -230.29 c -217 -12.71 -300.47 129.15 -404 156.29 c -103 27 -174 -30 -257 -29 c -80 1 -130.09 37.07 -214 70 c -61.23 24 -108 15.61 -126 10.61 v 22.39 z\"><\/path><\/svg>\n\t\t\t<\/div>\n\t\t\t<div class=\"wp-block-coblocks-shape-divider__alt-wrapper\" style=\"height:50px;\"><\/div>\n\t\t<\/div>\n\n\n<div style=\"height:100px\" aria-hidden=\"true\" class=\"wp-block-spacer\"><\/div>\n\n\n\n<h2>Projektentwicklung<\/h2>\n\n\n\n<p>Das Unternehmen Pro Futura managt die Entwicklung von Immobilienprojekten. Wir schaffen Entwicklungsm\u00f6glichkeiten f\u00fcr Firmen, Handel und institutionelle Investoren. Umfassende Dienstleistungen auf den Gebieten der Projektentwicklung, Investorenberatung sowie der Projektentwicklungspartnerschaft geh\u00f6ren zu den St\u00e4rken unserer Beratungen.<\/p>\n\n\n\n<p>Pro Futura ist genau das Richtige f\u00fcr Sie. Mit unserer Technologie ersparen wir Ihnen viel Arbeit mit Kostenanalysen, Baugenehmigungen, oder R\u00fcckbau von Altbauten. Stellen Sie sich vor, was Sie alles ersparen k\u00f6nnen, entscheiden Sie sich jetzt f\u00fcr Pro Futura!<\/p>\n\n\n<div class=\"wp-block-coblocks-shape-divider alignfull is-style-waves mt-0 mb-0\" style=\"color: #d9d9d9;\" aria-hidden=\"true\">\n\t\t\t<div class=\"wp-block-coblocks-shape-divider__svg-wrapper\" style=\"height:200px;\">\n\t\t\t\t<svg class=\"divider--waves\" fill=\"\" xmlns=\"http:\/\/www.w3.org\/2000\/svg\" viewBox=\"0 0 1000 300\" preserveAspectRatio=\"none\"><path d=\"M 1000 299 l 2 -279 c -155 -36 -310 135 -415 164 c -102.64 28.35 -149 -32 -232 -31 c -80 1 -142 53 -229 80 c -65.54 20.34 -101 15 -126 11.61 v 54.39 z\"><\/path><path d=\"M 1000 286 l 2 -252 c -157 -43 -302 144 -405 178 c -101.11 33.38 -159 -47 -242 -46 c -80 1 -145.09 54.07 -229 87 c -65.21 25.59 -104.07 16.72 -126 10.61 v 22.39 z\"><\/path><path d=\"M 1000 300 l 1 -230.29 c -217 -12.71 -300.47 129.15 -404 156.29 c -103 27 -174 -30 -257 -29 c -80 1 -130.09 37.07 -214 70 c -61.23 24 -108 15.61 -126 10.61 v 22.39 z\"><\/path><\/svg>\n\t\t\t<\/div>\n\t\t\t<div class=\"wp-block-coblocks-shape-divider__alt-wrapper\" style=\"height:0px;\"><\/div>\n\t\t<\/div>","protected":false},"excerpt":{"rendered":"<p>Standort- u. Marktanalyse Eine Standortanalyse \u2013 von der Standortwahl bis zur Betriebsanalyse \u2013 wir helfen Unternehmen dabei, die richtigen Entscheidungen zu treffen. Dies verschafft Ihnen betriebswirtschaftliche Informationen, um Ihre Verhandlungschancen wesentlich zu verbessern. Die Organisation Pro Futura bietet Unternehmen, die Standorterweiterungen oder Investitionen planen, eine unabh\u00e4ngige Analyse der wirtschaftlichen, sozialen, politischen und \u00f6kologischen Rahmenbedingungen. Wettbewerbsanalyse&hellip;&nbsp;<a href=\"https:\/\/vigorous-taussig.82-220-38-86.plesk.page\/?page_id=40\" class=\"\" rel=\"bookmark\">Weiterlesen &raquo;<span class=\"screen-reader-text\">Unsere Leistungen<\/span><\/a><\/p>\n","protected":false},"author":1,"featured_media":0,"parent":0,"menu_order":0,"comment_status":"closed","ping_status":"closed","template":"","meta":{"_coblocks_attr":"","_coblocks_dimensions":"","_coblocks_responsive_height":"","_coblocks_accordion_ie_support":"","neve_meta_sidebar":"","neve_meta_container":"contained","neve_meta_enable_content_width":"","neve_meta_content_width":0,"neve_meta_title_alignment":"","neve_meta_author_avatar":"","neve_post_elements_order":"","neve_meta_disable_header":"","neve_meta_disable_footer":"","neve_meta_disable_title":"on"},"uagb_featured_image_src":{"full":false,"thumbnail":false,"medium":false,"medium_large":false,"large":false,"1536x1536":false,"2048x2048":false,"neve-blog":false},"uagb_author_info":{"display_name":"admin","author_link":"https:\/\/vigorous-taussig.82-220-38-86.plesk.page\/?author=1"},"uagb_comment_info":0,"uagb_excerpt":"Standort- u. Marktanalyse Eine Standortanalyse \u2013 von der Standortwahl bis zur Betriebsanalyse \u2013 wir helfen Unternehmen dabei, die richtigen Entscheidungen zu treffen. Dies verschafft Ihnen betriebswirtschaftliche Informationen, um Ihre Verhandlungschancen wesentlich zu verbessern. Die Organisation Pro Futura bietet Unternehmen, die Standorterweiterungen oder Investitionen planen, eine unabh\u00e4ngige Analyse der wirtschaftlichen, sozialen, politischen und \u00f6kologischen Rahmenbedingungen. Wettbewerbsanalyse&hellip;&nbsp;Weiterlesen&hellip;","_links":{"self":[{"href":"https:\/\/vigorous-taussig.82-220-38-86.plesk.page\/index.php?rest_route=\/wp\/v2\/pages\/40"}],"collection":[{"href":"https:\/\/vigorous-taussig.82-220-38-86.plesk.page\/index.php?rest_route=\/wp\/v2\/pages"}],"about":[{"href":"https:\/\/vigorous-taussig.82-220-38-86.plesk.page\/index.php?rest_route=\/wp\/v2\/types\/page"}],"author":[{"embeddable":true,"href":"https:\/\/vigorous-taussig.82-220-38-86.plesk.page\/index.php?rest_route=\/wp\/v2\/users\/1"}],"replies":[{"embeddable":true,"href":"https:\/\/vigorous-taussig.82-220-38-86.plesk.page\/index.php?rest_route=%2Fwp%2Fv2%2Fcomments&post=40"}],"version-history":[{"count":29,"href":"https:\/\/vigorous-taussig.82-220-38-86.plesk.page\/index.php?rest_route=\/wp\/v2\/pages\/40\/revisions"}],"predecessor-version":[{"id":155,"href":"https:\/\/vigorous-taussig.82-220-38-86.plesk.page\/index.php?rest_route=\/wp\/v2\/pages\/40\/revisions\/155"}],"wp:attachment":[{"href":"https:\/\/vigorous-taussig.82-220-38-86.plesk.page\/index.php?rest_route=%2Fwp%2Fv2%2Fmedia&parent=40"}],"curies":[{"name":"wp","href":"https:\/\/api.w.org\/{rel}","templated":true}]}}