{"id":34,"date":"2021-12-01T14:43:14","date_gmt":"2021-12-01T14:43:14","guid":{"rendered":"https:\/\/vigorous-taussig.82-220-38-86.plesk.page\/?page_id=34"},"modified":"2021-12-16T23:34:19","modified_gmt":"2021-12-16T23:34:19","slug":"startseite","status":"publish","type":"page","link":"https:\/\/vigorous-taussig.82-220-38-86.plesk.page\/","title":{"rendered":"Startseite"},"content":{"rendered":"\n<div class=\"wp-block-cover alignfull\" style=\"min-height:500px\"><img loading=\"lazy\" width=\"1900\" height=\"823\" class=\"wp-block-cover__image-background wp-image-37\" alt=\"\" src=\"https:\/\/vigorous-taussig.82-220-38-86.plesk.page\/wp-content\/uploads\/2021\/12\/AdobeStock_328894492.jpeg\" style=\"object-position:28% 56%\" data-object-fit=\"cover\" data-object-position=\"28% 56%\" srcset=\"https:\/\/vigorous-taussig.82-220-38-86.plesk.page\/wp-content\/uploads\/2021\/12\/AdobeStock_328894492.jpeg 1900w, https:\/\/vigorous-taussig.82-220-38-86.plesk.page\/wp-content\/uploads\/2021\/12\/AdobeStock_328894492-300x130.jpeg 300w, https:\/\/vigorous-taussig.82-220-38-86.plesk.page\/wp-content\/uploads\/2021\/12\/AdobeStock_328894492-1024x444.jpeg 1024w, https:\/\/vigorous-taussig.82-220-38-86.plesk.page\/wp-content\/uploads\/2021\/12\/AdobeStock_328894492-768x333.jpeg 768w, https:\/\/vigorous-taussig.82-220-38-86.plesk.page\/wp-content\/uploads\/2021\/12\/AdobeStock_328894492-1536x665.jpeg 1536w\" sizes=\"(max-width: 1900px) 100vw, 1900px\" \/><div class=\"wp-block-cover__inner-container\">\n<p class=\"has-text-align-center has-large-font-size\"><\/p>\n<\/div><\/div>\n\n\n\n<div style=\"height:100px\" aria-hidden=\"true\" class=\"wp-block-spacer\"><\/div>\n\n\n\n<h2>Wir sind die Spezialisten f\u00fcr Immobilien Entwicklung<\/h2>\n\n\n\n<p>Pro Futura Immobilien Entwicklung ist ein Unternehmen, das sich auf die Entwicklung, den Bau und die Vermarktung von Immobilien spezialisiert hat. Wir bieten ein umfassendes Portfolio mit einem breiten Netzwerk an Kontakten, Wissen und Immobilien. Unser Team besteht aus erfahrenen Spezialisten, die sich ganz auf Ihre Bed\u00fcrfnisse einstellen, um Ihnen eine ideale Basis zu bieten.<\/p>\n\n\n\n<h2>Wer ist PRO FUTURA?<\/h2>\n\n\n\n<div class=\"wp-block-columns\">\n<div class=\"wp-block-column\">\n<h3>Hans Niessl Consulting GmbH<\/h3>\n\n\n\n<p>Aufgrund meiner langj\u00e4hrigen Erfahrung und meiner umfassenden Expertise biete ich Betrieben vielseitige Beratung insbesondere hinsichtlich Ansiedlung und der Stromerzeugung durch erneuerbare Energie. Um Ihr Bauvorhaben verwirklichen zu k\u00f6nnen, stelle ich Ihnen gerne die notwendigen Kontakte mit bew\u00e4hrten und erfahrenen Firmen her und berate Sie hinsichtlich der Bestimmungen im Burgenland&#8230;<\/p>\n<\/div>\n\n\n\n<div class=\"wp-block-column\">\n<h3>S &amp; S Holding GmbH<br><\/h3>\n\n\n\n<p> Die S &amp; S Holding GmbH hat lange Tradition in Eisenstadt. Die Firmengeschichte von AS Pokale rund um  Alfred S\u00f6ls nahm 1985 ihren\u00a0Anfang: Damals funktionierte Alfred S\u00f6ls seinen Keller zur Werkstatt um, um dort Gastroger\u00e4te\u00a0zu reparieren, und beantragte einen Gewerbeschein, um sein Unternehmen selbst\u00e4ndig &#8230;<\/p>\n<\/div>\n\n\n\n<div class=\"wp-block-column\">\n<h3>Barisits Tankstellen Betriebs GmbH<\/h3>\n\n\n\n<p> Im Jahr 1947, nach dem Zweiten Weltkrieg, von Stefan Barisits als Holzhandlung gegr\u00fcndet, fungiert das Unternehmen heute als zentraler Logistikknoten f\u00fcr das weitreichende Tankstellennetz der Barisits Mineral\u00f6le Handelsgesellschaft m.b.H und der Barisits Tankstellen Betriebs G.m.b.H. &#8211; &#8230;<\/p>\n<\/div>\n<\/div>\n\n\n\n<div class=\"wp-block-buttons alignwide is-content-justification-center\">\n<div class=\"wp-block-button\"><a class=\"wp-block-button__link\" href=\"https:\/\/vigorous-taussig.82-220-38-86.plesk.page\/?page_id=40\">Mehr Informationen zu den beteiligten Partnern<\/a><\/div>\n<\/div>\n\n\n\n<div style=\"height:100px\" aria-hidden=\"true\" class=\"wp-block-spacer\"><\/div>\n\n\n<div class=\"wp-block-coblocks-shape-divider alignfull is-style-waves mt-0 mb-0\" style=\"color: #d9d9d9;\" aria-hidden=\"true\">\n\t\t\t<div class=\"wp-block-coblocks-shape-divider__svg-wrapper\" style=\"height:200px;\">\n\t\t\t\t<svg class=\"divider--waves\" fill=\"\" xmlns=\"http:\/\/www.w3.org\/2000\/svg\" viewBox=\"0 0 1000 300\" preserveAspectRatio=\"none\"><path d=\"M 1000 299 l 2 -279 c -155 -36 -310 135 -415 164 c -102.64 28.35 -149 -32 -232 -31 c -80 1 -142 53 -229 80 c -65.54 20.34 -101 15 -126 11.61 v 54.39 z\"><\/path><path d=\"M 1000 286 l 2 -252 c -157 -43 -302 144 -405 178 c -101.11 33.38 -159 -47 -242 -46 c -80 1 -145.09 54.07 -229 87 c -65.21 25.59 -104.07 16.72 -126 10.61 v 22.39 z\"><\/path><path d=\"M 1000 300 l 1 -230.29 c -217 -12.71 -300.47 129.15 -404 156.29 c -103 27 -174 -30 -257 -29 c -80 1 -130.09 37.07 -214 70 c -61.23 24 -108 15.61 -126 10.61 v 22.39 z\"><\/path><\/svg>\n\t\t\t<\/div>\n\t\t\t<div class=\"wp-block-coblocks-shape-divider__alt-wrapper\" style=\"height:0px;\"><\/div>\n\t\t<\/div>","protected":false},"excerpt":{"rendered":"<p>Wir sind die Spezialisten f\u00fcr Immobilien Entwicklung Pro Futura Immobilien Entwicklung ist ein Unternehmen, das sich auf die Entwicklung, den Bau und die Vermarktung von Immobilien spezialisiert hat. Wir bieten ein umfassendes Portfolio mit einem breiten Netzwerk an Kontakten, Wissen und Immobilien. Unser Team besteht aus erfahrenen Spezialisten, die sich ganz auf Ihre Bed\u00fcrfnisse einstellen,&hellip;&nbsp;<a href=\"https:\/\/vigorous-taussig.82-220-38-86.plesk.page\/\" class=\"\" rel=\"bookmark\">Weiterlesen &raquo;<span class=\"screen-reader-text\">Startseite<\/span><\/a><\/p>\n","protected":false},"author":1,"featured_media":0,"parent":0,"menu_order":0,"comment_status":"closed","ping_status":"closed","template":"","meta":{"_coblocks_attr":"","_coblocks_dimensions":"","_coblocks_responsive_height":"","_coblocks_accordion_ie_support":"","neve_meta_sidebar":"","neve_meta_container":"contained","neve_meta_enable_content_width":"","neve_meta_content_width":0,"neve_meta_title_alignment":"","neve_meta_author_avatar":"","neve_post_elements_order":"","neve_meta_disable_header":"","neve_meta_disable_footer":"","neve_meta_disable_title":"on"},"uagb_featured_image_src":{"full":false,"thumbnail":false,"medium":false,"medium_large":false,"large":false,"1536x1536":false,"2048x2048":false,"neve-blog":false},"uagb_author_info":{"display_name":"admin","author_link":"https:\/\/vigorous-taussig.82-220-38-86.plesk.page\/?author=1"},"uagb_comment_info":0,"uagb_excerpt":"Wir sind die Spezialisten f\u00fcr Immobilien Entwicklung Pro Futura Immobilien Entwicklung ist ein Unternehmen, das sich auf die Entwicklung, den Bau und die Vermarktung von Immobilien spezialisiert hat. Wir bieten ein umfassendes Portfolio mit einem breiten Netzwerk an Kontakten, Wissen und Immobilien. Unser Team besteht aus erfahrenen Spezialisten, die sich ganz auf Ihre Bed\u00fcrfnisse einstellen,&hellip;&nbsp;Weiterlesen&hellip;","_links":{"self":[{"href":"https:\/\/vigorous-taussig.82-220-38-86.plesk.page\/index.php?rest_route=\/wp\/v2\/pages\/34"}],"collection":[{"href":"https:\/\/vigorous-taussig.82-220-38-86.plesk.page\/index.php?rest_route=\/wp\/v2\/pages"}],"about":[{"href":"https:\/\/vigorous-taussig.82-220-38-86.plesk.page\/index.php?rest_route=\/wp\/v2\/types\/page"}],"author":[{"embeddable":true,"href":"https:\/\/vigorous-taussig.82-220-38-86.plesk.page\/index.php?rest_route=\/wp\/v2\/users\/1"}],"replies":[{"embeddable":true,"href":"https:\/\/vigorous-taussig.82-220-38-86.plesk.page\/index.php?rest_route=%2Fwp%2Fv2%2Fcomments&post=34"}],"version-history":[{"count":10,"href":"https:\/\/vigorous-taussig.82-220-38-86.plesk.page\/index.php?rest_route=\/wp\/v2\/pages\/34\/revisions"}],"predecessor-version":[{"id":169,"href":"https:\/\/vigorous-taussig.82-220-38-86.plesk.page\/index.php?rest_route=\/wp\/v2\/pages\/34\/revisions\/169"}],"wp:attachment":[{"href":"https:\/\/vigorous-taussig.82-220-38-86.plesk.page\/index.php?rest_route=%2Fwp%2Fv2%2Fmedia&parent=34"}],"curies":[{"name":"wp","href":"https:\/\/api.w.org\/{rel}","templated":true}]}}